{"id":105,"date":"2017-06-23T12:03:36","date_gmt":"2017-06-23T12:03:36","guid":{"rendered":"http:\/\/inspirythemesdemo.com\/realplaces\/?page_id=105"},"modified":"2026-01-29T00:06:04","modified_gmt":"2026-01-28T21:06:04","slug":"bodrumda-satilik-villa","status":"publish","type":"page","link":"https:\/\/zemlak.com\/","title":{"rendered":"Bodrum Sat\u0131l\u0131k Villa"},"content":{"rendered":"<p>Bodrum&#8217;da sat\u0131l\u0131k villa, Bitez&#8217;de, Ortakent&#8217;te, Yal\u0131kavak&#8217;ta, T\u00fcrkb\u00fck\u00fc&#8217;nde, Torba&#8217;da, G\u00fcndo\u011fan&#8217;da sat\u0131l\u0131k villa, otel, arsa, yazl\u0131k, ev\u00a0konular\u0131nda sizlerleyiz ZEMLAK<\/p>\n","protected":false},"excerpt":{"rendered":"<p>Bodrum&#8217;da sat\u0131l\u0131k villa, Bitez&#8217;de, Ortakent&#8217;te, Yal\u0131kavak&#8217;ta, T\u00fcrkb\u00fck\u00fc&#8217;nde, Torba&#8217;da, G\u00fcndo\u011fan&#8217;da sat\u0131l\u0131k villa, otel, arsa, yazl\u0131k, ev\u00a0konular\u0131nda sizlerleyiz ZEMLAK<\/p>\n","protected":false},"author":1,"featured_media":0,"parent":0,"menu_order":0,"comment_status":"open","ping_status":"closed","template":"templates\/home.php","meta":{"footnotes":""},"class_list":["post-105","page","type-page","status-publish","hentry"],"aioseo_notices":[],"_links":{"self":[{"href":"https:\/\/zemlak.com\/index.php\/wp-json\/wp\/v2\/pages\/105","targetHints":{"allow":["GET"]}}],"collection":[{"href":"https:\/\/zemlak.com\/index.php\/wp-json\/wp\/v2\/pages"}],"about":[{"href":"https:\/\/zemlak.com\/index.php\/wp-json\/wp\/v2\/types\/page"}],"author":[{"embeddable":true,"href":"https:\/\/zemlak.com\/index.php\/wp-json\/wp\/v2\/users\/1"}],"replies":[{"embeddable":true,"href":"https:\/\/zemlak.com\/index.php\/wp-json\/wp\/v2\/comments?post=105"}],"version-history":[{"count":6,"href":"https:\/\/zemlak.com\/index.php\/wp-json\/wp\/v2\/pages\/105\/revisions"}],"predecessor-version":[{"id":12978,"href":"https:\/\/zemlak.com\/index.php\/wp-json\/wp\/v2\/pages\/105\/revisions\/12978"}],"wp:attachment":[{"href":"https:\/\/zemlak.com\/index.php\/wp-json\/wp\/v2\/media?parent=105"}],"curies":[{"name":"wp","href":"https:\/\/api.w.org\/{rel}","templated":true}]}}